{"id":2,"date":"2024-05-26T13:27:19","date_gmt":"2024-05-26T13:27:19","guid":{"rendered":"http:\/\/localhost\/wordpress\/?page_id=2"},"modified":"2026-02-14T16:46:04","modified_gmt":"2026-02-14T16:46:04","slug":"sample-page","status":"publish","type":"page","link":"https:\/\/www.lepsibrod.cz\/?page_id=2","title":{"rendered":"O n\u00e1s"},"content":{"rendered":"\n<p>N\u00e1s volebn\u00ed program 2022<\/p>\n\n\n\n<h2 class=\"wp-block-heading\">Lep\u0161\u00ed Brod pro deset tis\u00edc<\/h2>\n\n\n\n<h3 class=\"wp-block-heading\">Rozvoj m\u011bsta je p\u0159\u00edle\u017eitost<\/h3>\n\n\n\n<ul class=\"wp-block-list\">\n<li>Dob\u0159e zvl\u00e1dnut\u00fdm r\u016fstem \u010cesk\u00fd Brod z\u00edsk\u00e1 a p\u0159itom si zachov\u00e1 sv\u016fj klidn\u00fd r\u00e1z, zdrav\u00e9 \u017eivotn\u00ed prost\u0159ed\u00ed a bl\u00edzkost p\u0159\u00edrody.<\/li>\n\n\n\n<li>Nov\u00ed obyvatel\u00e9 m\u011bsta zv\u00fd\u0161\u00ed p\u0159\u00edjmy rozpo\u010dtu na investice ale i celkovou kupn\u00ed s\u00edlu, a podpo\u0159\u00ed tak nab\u00eddku nov\u00fdch obchod\u016f a slu\u017eeb.<\/li>\n\n\n\n<li>Architektonickou sout\u011b\u017e\u00ed zah\u00e1j\u00edme revitalizaci n\u00e1m\u011bst\u00ed. Sem pat\u0159\u00ed v\u00edce odpo\u010dinkov\u00fdch m\u00edst, zahr\u00e1dky p\u0159ed restaurace a obchody, vodn\u00ed prvky, um\u011bn\u00ed, stromy a p\u011b\u0161\u00ed z\u00f3na ve st\u0159edn\u00ed \u010d\u00e1sti.<\/li>\n<\/ul>\n\n\n\n<h2 class=\"wp-block-heading\">Lep\u0161\u00ed Brod pro \u017e\u00e1ky i u\u010ditele<\/h2>\n\n\n\n<h3 class=\"wp-block-heading\">Dobr\u00e9 podm\u00ednky pro vzd\u011bl\u00e1v\u00e1n\u00ed<\/h3>\n\n\n\n<ul class=\"wp-block-list\">\n<li>Zah\u00e1j\u00edme p\u0159\u00edstavbu Z\u0160 \u017ditom\u00ed\u0159sk\u00e1, v\u010detn\u011b sportovn\u00ed haly a v\u00edce\u00fa\u010delov\u00e9ho sportovn\u00edho parku na \u201cp\u00edskov\u00e9m\u201d h\u0159i\u0161ti.<\/li>\n\n\n\n<li>Postav\u00edme novou Mate\u0159skou \u0161kolu Koll\u00e1rova podle ji\u017e hotov\u00e9ho projektu.<\/li>\n\n\n\n<li>Zah\u00e1j\u00edme budov\u00e1n\u00ed \u0161koln\u00edho kampusu v Liblic\u00edch, v prvn\u00ed \u0159ad\u011b jako z\u00e1zem\u00ed M\u0160 Liblice.<\/li>\n\n\n\n<li>Chceme spolupracovat s krajem na roz\u0161\u00ed\u0159en\u00ed gymn\u00e1zia a nalezen\u00ed nov\u00fdch prostor pro aktivity ZU\u0160.<\/li>\n<\/ul>\n\n\n\n<h2 class=\"wp-block-heading\">Lep\u0161\u00ed Brod pro chodce a cyklisty<\/h2>\n\n\n\n<h3 class=\"wp-block-heading\">Funk\u010dn\u00ed doprava a parkov\u00e1n\u00ed<\/h3>\n\n\n\n<ul class=\"wp-block-list\">\n<li>Na webu m\u011bsta budeme zve\u0159ej\u0148ovat aktu\u00e1ln\u00ed pl\u00e1n obnovy chodn\u00edk\u016f a komunikac\u00ed. Je nezbytn\u00e9 ka\u017ed\u00fd rok prov\u00e9st obnovu nejm\u00e9n\u011b \u010dty\u0159 ulic, z toho nejm\u00e9n\u011b po jedn\u00e9 v Liblic\u00edch a \u0160tolm\u00ed\u0159i..<\/li>\n\n\n\n<li>Ve spolupr\u00e1ci se St\u0159edo\u010desk\u00fdm krajem kone\u010dn\u011b postav\u00edme okru\u017en\u00ed k\u0159i\u017eovatku u ZZN (v posledn\u00edch letech se poda\u0159ilo z\u00edskat stavebn\u00ed povolen\u00ed a pot\u0159ebn\u00e9 pozemky).<\/li>\n\n\n\n<li>Prioritou bude \u0159e\u0161en\u00ed parkov\u00e1n\u00ed na s\u00eddli\u0161ti, nap\u0159\u00edklad formou v\u00edce\u00farov\u0148ov\u00e9ho parkovi\u0161t\u011b.<\/li>\n<\/ul>\n\n\n\n<h2 class=\"wp-block-heading\">Lep\u0161\u00ed spr\u00e1va m\u011bsta<\/h2>\n\n\n\n<h3 class=\"wp-block-heading\">Efektivn\u00ed hospoda\u0159en\u00ed, otev\u0159en\u00e1 radnice<\/h3>\n\n\n\n<ul class=\"wp-block-list\">\n<li>Neslev\u00edme z otev\u0159enosti radnice p\u0159i rozhodov\u00e1n\u00ed o pou\u017eit\u00ed ve\u0159ejn\u00fdch prost\u0159edk\u016f.<\/li>\n\n\n\n<li>Budeme prosazovat pevn\u00e9 funk\u010dn\u00ed obdob\u00ed pro d\u016fle\u017eit\u00e9 vedouc\u00ed pozice na \u00fa\u0159ad\u011b a v p\u0159\u00edsp\u011bvkov\u00fdch organizac\u00edch. Na uvoln\u011bn\u00e1 m\u00edsta budeme v\u017edy organizovat otev\u0159en\u00e1 v\u00fdb\u011brov\u00e1 \u0159\u00edzen\u00ed.<\/li>\n\n\n\n<li>Nemovit\u00fd majetek m\u011bsta se v \u010dase zhodnocuje, proto jej a\u017e na v\u00fdjimky nebudeme prod\u00e1vat, ale chceme jeho efektivn\u00ed spr\u00e1vu.<\/li>\n<\/ul>\n\n\n\n<h2 class=\"wp-block-heading\">Lep\u0161\u00ed Liblice, \u0160tolm\u00ed\u0159 i Zahrady<\/h2>\n\n\n\n<h3 class=\"wp-block-heading\">M\u00edstn\u00ed \u010d\u00e1sti n\u00e1m nejsou jedno<\/h3>\n\n\n\n<ul class=\"wp-block-list\">\n<li>Zah\u00e1j\u00edme obnovu chodn\u00edk\u016f pod\u00e9l p\u00e1te\u0159n\u00edch a nejv\u00edce zanedban\u00fdch ulic v Liblic\u00edch (Bylansk\u00e1, \u0160koln\u00ed, Nov\u00e1), v\u010detn\u011b opat\u0159en\u00ed pro zv\u00fd\u0161en\u00ed bezpe\u010dnosti dopravy a odvodn\u011bn\u00ed.<\/li>\n\n\n\n<li>Oprav\u00edme komunikaci kolem rybn\u00edka ve \u0160tolm\u00ed\u0159i v\u010detn\u011b p\u0159edpol\u00ed kostela svat\u00e9ho Havla a p\u0159iprav\u00edme projekt chodn\u00edku pro p\u011b\u0161\u00ed v Zahrad\u00e1ch.<\/li>\n\n\n\n<li>Zah\u00e1j\u00edme stavby chodn\u00edku do \u0160tolm\u00ed\u0159e a chodn\u00edku a cyklostezky v Klu\u010dovsk\u00e9 ulici.<\/li>\n\n\n\n<li>Budeme podporovat vybudov\u00e1n\u00ed bezpe\u010dn\u00fdch k\u0159\u00ed\u017een\u00ed silnice I\/12 pro chodce po cyklostezce kolem Kutilky a na k\u0159i\u017eovatce u Benziny.<\/li>\n<\/ul>\n\n\n\n<h2 class=\"wp-block-heading\">Lep\u0161\u00ed Brod pro du\u0161i i t\u011blo<\/h2>\n\n\n\n<h3 class=\"wp-block-heading\">Kultura a sport pro ka\u017ed\u00e9ho<\/h3>\n\n\n\n<ul class=\"wp-block-list\">\n<li>Prioritou bude p\u00e9\u010de o pam\u00e1tky. Ty maj\u00ed nejen historickou hodnotu, ale i zat\u00edm nevyu\u017eit\u00fd ekonomick\u00fd potenci\u00e1l pro m\u011bsto i podnikatele.<\/li>\n\n\n\n<li>Budeme podporovat spolkov\u00e9 sportovn\u00ed i kulturn\u00ed aktivity pomoc\u00ed otev\u0159en\u00e9ho a jasn\u00e9ho grantov\u00e9ho programu. D\u016fsledn\u011b se vyhneme konfliktu z\u00e1jm\u016f mezi t\u011bmi, kdo o dotac\u00edch rozhoduj\u00ed, a \u017eadateli.<\/li>\n\n\n\n<li>Budeme podporovat pestr\u00fd program KD Sv\u011bt a m\u011bstsk\u00e9 knihovny. Knihovna se do\u010dk\u00e1 rekonstruovan\u00fdch prostor v budov\u011b star\u00e9 radnice, v\u010detn\u011b nov\u00e9ho v\u00fdtahu.<\/li>\n\n\n\n<li>Jako m\u011bsto podpo\u0159\u00edme rekonstrukci Podlipansk\u00e9ho muzea a v\u00fdstavbu centr\u00e1ln\u00edho depozit\u00e1\u0159e muzea v are\u00e1lu ZZN.<\/li>\n\n\n\n<li>Ve spolupr\u00e1ci s vlastn\u00edkem b\u00fdval\u00e9ho cukrovaru budeme jednat o mo\u017enosti vybudov\u00e1n\u00ed kryt\u00e9ho plaveck\u00e9ho baz\u00e9nu u n\u00e1dra\u017e\u00ed.<\/li>\n<\/ul>\n\n\n\n<h2 class=\"wp-block-heading\">Lep\u0161\u00ed Brod ve dne i v noci<\/h2>\n\n\n\n<h3 class=\"wp-block-heading\">Bezpe\u010dn\u00e9 m\u011bsto<\/h3>\n\n\n\n<ul class=\"wp-block-list\">\n<li>Podporujeme modernizaci a roz\u0161\u00ed\u0159en\u00ed kamerov\u00e9ho syst\u00e9mu, nap\u0159\u00edklad o s\u00eddli\u0161t\u011b nebo vjezdy do m\u011bsta.<\/li>\n\n\n\n<li>K pos\u00edlen\u00ed bezpe\u010dnosti slou\u017e\u00ed rovn\u011b\u017e zlep\u0161en\u00ed stavu ve\u0159ejn\u00e9ho osv\u011btlen\u00ed.<\/li>\n\n\n\n<li>Zah\u00e1j\u00edme p\u0159\u00edpravu stavby nov\u00e9 slu\u017eebny a modernizujeme vybaven\u00ed m\u011bstsk\u00e9 policie M\u011bstsk\u00e1 policie bude person\u00e1ln\u011b pos\u00edlena. Bude moci zintenzivnit hl\u00eddkovou \u010dinnost a naru\u0161ovat \u201ekomfort\u201c osob, kter\u00e9 ve\u0159ejn\u00fd po\u0159\u00e1dek nedodr\u017euj\u00ed.<\/li>\n\n\n\n<li>Budeme po\u017eadovat v\u011bt\u0161\u00ed aktivitu Policie \u010cesk\u00e9 republiky, aby n\u011bkter\u00e9 druhy kriminality, zejm\u00e9na tu drogovou, c\u00edlev\u011bdom\u011b pot\u00edrala.<\/li>\n<\/ul>\n\n\n\n<h2 class=\"wp-block-heading\">Lep\u0161\u00ed Brod pro celou rodinu<\/h2>\n\n\n\n<h3 class=\"wp-block-heading\">Zdrav\u00e9 \u017eivotn\u00ed prost\u0159ed\u00ed<\/h3>\n\n\n\n<ul class=\"wp-block-list\">\n<li>Vybudujeme dal\u0161\u00ed d\u011btsk\u00e1 h\u0159i\u0161t\u011b v nov\u00fdch lokalit\u00e1ch a dopln\u00edme vybaven\u00ed t\u011bch st\u00e1vaj\u00edc\u00edch.<\/li>\n\n\n\n<li>Vy\u010dist\u00edme Pivovarsk\u00fd rybn\u00edk (mo\u017enost koup\u00e1n\u00ed, molo) a budeme pokra\u010dovat v revitalizaci m\u011bstsk\u00e9ho parku.<\/li>\n\n\n\n<li>Budeme postupn\u011b budovat zelenou p\u00e1te\u0159n\u00ed komunikaci pro chodce a cyklisty pod\u00e9l \u0160embery ve sm\u011bru od Klu\u010dova do Dol\u00e1nek, prioritn\u011b v \u00faseku mezi Malechovem a m\u011bstsk\u00fdm parkem a okolo are\u00e1lu na Kutilce.<\/li>\n<\/ul>\n\n\n\n<h2 class=\"wp-block-heading\">Lep\u0161\u00ed Brod pro v\u0161echny generace<\/h2>\n\n\n\n<h3 class=\"wp-block-heading\">Soci\u00e1ln\u00ed slu\u017eby a zdravotnictv\u00ed<\/h3>\n\n\n\n<ul class=\"wp-block-list\">\n<li>Budeme vytv\u00e1\u0159et podm\u00ednky pro zachov\u00e1n\u00ed a rozvoj zdravotn\u00edch slu\u017eeb. Pro nedostatkov\u00e9 specializace (nap\u0159. pediat\u0159i) budeme hledat mo\u017enosti podpory, abychom je do m\u011bsta z\u00edskali. Budeme pokra\u010dovat v oprav\u00e1ch are\u00e1lu nemocnice a zlep\u0161en\u00ed prost\u0159ed\u00ed pro pacienty a jejich rodiny.<\/li>\n\n\n\n<li>Budeme d\u00e1l spolupracovat s neziskov\u00fdmi organizacemi p\u016fsob\u00edc\u00edmi ve m\u011bst\u011b na \u0159e\u0161en\u00ed specifick\u00fdch soci\u00e1ln\u00edch probl\u00e9m\u016f<\/li>\n\n\n\n<li>Prioritou je rekonstrukce domova pro seniory ANNA, zejm\u00e9na jeho st\u0159echy a podkrov\u00ed.<\/li>\n<\/ul>\n","protected":false},"excerpt":{"rendered":"<p>N\u00e1s volebn\u00ed program 2022 Lep\u0161\u00ed Brod pro deset tis\u00edc Rozvoj m\u011bsta je p\u0159\u00edle\u017eitost Lep\u0161\u00ed Brod pro \u017e\u00e1ky i u\u010ditele Dobr\u00e9 podm\u00ednky pro vzd\u011bl\u00e1v\u00e1n\u00ed Lep\u0161\u00ed Brod pro chodce a cyklisty Funk\u010dn\u00ed doprava a parkov\u00e1n\u00ed Lep\u0161\u00ed spr\u00e1va m\u011bsta Efektivn\u00ed hospoda\u0159en\u00ed, otev\u0159en\u00e1 radnice Lep\u0161\u00ed Liblice, \u0160tolm\u00ed\u0159 i Zahrady M\u00edstn\u00ed \u010d\u00e1sti n\u00e1m nejsou jedno Lep\u0161\u00ed Brod pro du\u0161i i &#8230; <a title=\"O n\u00e1s\" class=\"read-more\" href=\"https:\/\/www.lepsibrod.cz\/?page_id=2\" aria-label=\"\u010c\u00edst v\u00edce o O n\u00e1s\">\u010c\u00edst d\u00e1l<\/a><\/p>\n","protected":false},"author":1,"featured_media":0,"parent":0,"menu_order":0,"comment_status":"closed","ping_status":"open","template":"","meta":{"footnotes":""},"class_list":["post-2","page","type-page","status-publish"],"_links":{"self":[{"href":"https:\/\/www.lepsibrod.cz\/index.php?rest_route=\/wp\/v2\/pages\/2","targetHints":{"allow":["GET"]}}],"collection":[{"href":"https:\/\/www.lepsibrod.cz\/index.php?rest_route=\/wp\/v2\/pages"}],"about":[{"href":"https:\/\/www.lepsibrod.cz\/index.php?rest_route=\/wp\/v2\/types\/page"}],"author":[{"embeddable":true,"href":"https:\/\/www.lepsibrod.cz\/index.php?rest_route=\/wp\/v2\/users\/1"}],"replies":[{"embeddable":true,"href":"https:\/\/www.lepsibrod.cz\/index.php?rest_route=%2Fwp%2Fv2%2Fcomments&post=2"}],"version-history":[{"count":2,"href":"https:\/\/www.lepsibrod.cz\/index.php?rest_route=\/wp\/v2\/pages\/2\/revisions"}],"predecessor-version":[{"id":53,"href":"https:\/\/www.lepsibrod.cz\/index.php?rest_route=\/wp\/v2\/pages\/2\/revisions\/53"}],"wp:attachment":[{"href":"https:\/\/www.lepsibrod.cz\/index.php?rest_route=%2Fwp%2Fv2%2Fmedia&parent=2"}],"curies":[{"name":"wp","href":"https:\/\/api.w.org\/{rel}","templated":true}]}}